{"id":393,"date":"2019-04-24T10:01:15","date_gmt":"2019-04-24T10:01:15","guid":{"rendered":"https:\/\/ortho-orofacial.com\/?page_id=393"},"modified":"2019-04-24T11:30:03","modified_gmt":"2019-04-24T11:30:03","slug":"newsletter","status":"publish","type":"page","link":"https:\/\/ortho-orofacial.com\/en\/contact\/newsletter\/","title":{"rendered":"Newsletter"},"content":{"rendered":"<p>Wir freuen uns \u00fcber Ihr Interesse an unserem Newsletter!<\/p>\n<p>Wir informieren Sie regelm\u00e4\u00dfig &#8211; aber nicht \u00fcberm\u00e4\u00dfig &#8211; \u00fcber Aktuelles, Innovatives und N\u00fctzliches aus der KFO-Welt!<\/p>\n","protected":false},"excerpt":{"rendered":"<p>Wir freuen uns \u00fcber Ihr Interesse an unserem Newsletter! Wir informieren Sie regelm\u00e4\u00dfig &#8211; aber nicht \u00fcberm\u00e4\u00dfig &#8211; \u00fcber Aktuelles, Innovatives und N\u00fctzliches aus der KFO-Welt!<\/p>\n","protected":false},"author":2,"featured_media":1961,"parent":92,"menu_order":0,"comment_status":"closed","ping_status":"closed","template":"","meta":{"footnotes":""},"_links":{"self":[{"href":"https:\/\/ortho-orofacial.com\/en\/wp-json\/wp\/v2\/pages\/393"}],"collection":[{"href":"https:\/\/ortho-orofacial.com\/en\/wp-json\/wp\/v2\/pages"}],"about":[{"href":"https:\/\/ortho-orofacial.com\/en\/wp-json\/wp\/v2\/types\/page"}],"author":[{"embeddable":true,"href":"https:\/\/ortho-orofacial.com\/en\/wp-json\/wp\/v2\/users\/2"}],"replies":[{"embeddable":true,"href":"https:\/\/ortho-orofacial.com\/en\/wp-json\/wp\/v2\/comments?post=393"}],"version-history":[{"count":0,"href":"https:\/\/ortho-orofacial.com\/en\/wp-json\/wp\/v2\/pages\/393\/revisions"}],"up":[{"embeddable":true,"href":"https:\/\/ortho-orofacial.com\/en\/wp-json\/wp\/v2\/pages\/92"}],"wp:featuredmedia":[{"embeddable":true,"href":"https:\/\/ortho-orofacial.com\/en\/wp-json\/wp\/v2\/media\/1961"}],"wp:attachment":[{"href":"https:\/\/ortho-orofacial.com\/en\/wp-json\/wp\/v2\/media?parent=393"}],"curies":[{"name":"wp","href":"https:\/\/api.w.org\/{rel}","templated":true}]}}